{"id":31,"date":"2024-03-18T15:17:39","date_gmt":"2024-03-18T14:17:39","guid":{"rendered":"https:\/\/risikoverlag.de\/?page_id=31"},"modified":"2024-03-18T15:17:39","modified_gmt":"2024-03-18T14:17:39","slug":"impressum","status":"publish","type":"page","link":"https:\/\/risikoverlag.de\/?page_id=31","title":{"rendered":"IMPRESSUM"},"content":{"rendered":"\n<h2 class=\"wp-block-heading\">Risikoverlag<\/h2>\n\n\n\n<p>Angaben gem\u00e4\u00df \u00a7 5 TMG und verantwortlich f\u00fcr den Inhalt nach \u00a7 55 Abs. 2 RStV:<\/p>\n\n\n\n<p>Stefan Wladarsch<br>R\u00fcckertweg 17a<br>95447 Bayreuth<\/p>\n\n\n\n<p><strong>Kontakt:<\/strong><\/p>\n\n\n\n<figure class=\"wp-block-table\"><table><tbody><tr><td>Telefon:<\/td><td>+49 (921) 5167420<\/td><\/tr><tr><td>E-Mail:<\/td><td>info@cage-walk.de<\/td><\/tr><\/tbody><\/table><\/figure>\n\n\n\n<p><strong>Haftung f\u00fcr Rechtschreibung<\/strong><\/p>\n\n\n\n<p><\/p>\n\n\n\n<p>Der Autor ist Legastheniker und kann deshalb f\u00fcr die korrekte Schreibweise der Worte und Begriffe keine Gew\u00e4hr \u00fcbernehmen.<\/p>\n\n\n\n<p>Da es mir wichtig ist, m\u00f6glichs spontan meine Gedanken und Gef\u00fchle zu \u00e4ussern, sind \u201egewisse orthographische Kollateralsch\u00e4den\u201c nicht zu vermeiden. Ich entschuldige mich hiermit bei allen Personen deren Rechtschreibgef\u00fchl durch diesen Blog verletzt wird. Da die Kommentarfunktion aktiv ist, k\u00f6nnen spontane Korrekturanf\u00e4lle \u00fcber diese erledigt werden. Zuk\u00fcnftig bem\u00fche ich mich, die Beitr\u00e4ge im nachhinein lektorieren zu lassen.<\/p>\n","protected":false},"excerpt":{"rendered":"<p>Risikoverlag Angaben gem\u00e4\u00df \u00a7 5 TMG und verantwortlich f\u00fcr den Inhalt nach \u00a7 55 Abs. 2 RStV: Stefan WladarschR\u00fcckertweg 17a95447 Bayreuth Kontakt: Telefon: +49 (921) 5167420 E-Mail: info@cage-walk.de Haftung f\u00fcr Rechtschreibung Der Autor ist Legastheniker und kann deshalb f\u00fcr die korrekte Schreibweise der Worte und Begriffe keine Gew\u00e4hr \u00fcbernehmen. Da es mir wichtig ist, m\u00f6glichs [&hellip;]<\/p>\n","protected":false},"author":2,"featured_media":0,"parent":0,"menu_order":0,"comment_status":"closed","ping_status":"closed","template":"","meta":{"footnotes":""},"class_list":["post-31","page","type-page","status-publish","hentry"],"_links":{"self":[{"href":"https:\/\/risikoverlag.de\/index.php?rest_route=\/wp\/v2\/pages\/31","targetHints":{"allow":["GET"]}}],"collection":[{"href":"https:\/\/risikoverlag.de\/index.php?rest_route=\/wp\/v2\/pages"}],"about":[{"href":"https:\/\/risikoverlag.de\/index.php?rest_route=\/wp\/v2\/types\/page"}],"author":[{"embeddable":true,"href":"https:\/\/risikoverlag.de\/index.php?rest_route=\/wp\/v2\/users\/2"}],"replies":[{"embeddable":true,"href":"https:\/\/risikoverlag.de\/index.php?rest_route=%2Fwp%2Fv2%2Fcomments&post=31"}],"version-history":[{"count":2,"href":"https:\/\/risikoverlag.de\/index.php?rest_route=\/wp\/v2\/pages\/31\/revisions"}],"predecessor-version":[{"id":33,"href":"https:\/\/risikoverlag.de\/index.php?rest_route=\/wp\/v2\/pages\/31\/revisions\/33"}],"wp:attachment":[{"href":"https:\/\/risikoverlag.de\/index.php?rest_route=%2Fwp%2Fv2%2Fmedia&parent=31"}],"curies":[{"name":"wp","href":"https:\/\/api.w.org\/{rel}","templated":true}]}}